{"id":1649,"date":"2023-06-15T13:27:17","date_gmt":"2023-06-15T11:27:17","guid":{"rendered":"https:\/\/harmony-interiors.es\/anuska\/"},"modified":"2024-02-06T11:55:19","modified_gmt":"2024-02-06T10:55:19","slug":"anuska","status":"publish","type":"page","link":"https:\/\/harmony-interiors.es\/es\/anuska\/","title":{"rendered":"ANUSKA"},"content":{"rendered":"<div class=\"wpb-content-wrapper\">[vc_row equal_columns=\u00bbtrue\u00bb el_class=\u00bbcol-rev\u00bb id=\u00bbcol_rever\u00bb][vc_column width=\u00bb1\/2&#8243; el_class=\u00bbcol-vertical\u00bb][vc_single_image image=\u00bb1524&#8243; img_size=\u00bbfull\u00bb css_animation=\u00bbfadeIn\u00bb][vc_empty_space][vc_column_text animation=\u00bbfade-in\u00bb css=\u00bb.vc_custom_1707216863774{margin-bottom: 0px !important;}\u00bb]Soy una amante de la naturaleza, el dise\u00f1o y el deporte al aire libre.<\/p>\n<p>Todo lo que tenga que ver con la naturaleza me atrae y seduce, un bosque, una monta\u00f1a o el mar. Me nutre e inspira a diario pues tengo\u00a0la gran fortuna de vivir rodeada de ella.<\/p>\n<p>Llevo m\u00e1s de 20 a\u00f1os dedicada a la decoraci\u00f3n, Haber crecido en Marbella me ha dado la oportunidad de estar inmersa en distintos entornos y haber conocido a una gran variedad de personas de distintas nacionalidades y culturas lo que me ha enriquecido y me ha abierto la mirada<span class=\"Apple-converted-space\">\u00a0 <\/span>a otras<span class=\"Apple-converted-space\">\u00a0 <\/span>perspectivas y necesidades especificas.<\/p>\n<p>Me apasiona mi trabajo; cada proyecto es una nueva aventura en la que me sumerjo en un viaje con mi cliente para comprender,<span class=\"Apple-converted-space\">\u00a0 <\/span>dar forma<span class=\"Apple-converted-space\">\u00a0 <\/span>y crearles el proyecto de su visi\u00f3n.<span class=\"Apple-converted-space\">\u00a0<\/span>[\/vc_column_text][\/vc_column][vc_column width=\u00bb1\/2&#8243;][vc_single_image image=\u00bb1462&#8243; img_size=\u00bbfull\u00bb alignment=\u00bbcenter\u00bb css_animation=\u00bbfadeInRight\u00bb][\/vc_column][\/vc_row][vc_row][vc_column][vc_empty_space height=\u00bb22px\u00bb][\/vc_column][\/vc_row][vc_row fullwidth=\u00bbtrue\u00bb fullwidth_content=\u00bbfalse\u00bb equal_columns=\u00bbtrue\u00bb css=\u00bb.vc_custom_1705581522502{margin-bottom: 50px !important;padding-top: 50px !important;padding-bottom: 50px !important;background-color: #f0f0ef !important;}\u00bb][vc_column width=\u00bb6\/12&#8243;][vc_single_image image=\u00bb1605&#8243; img_size=\u00bbfull\u00bb css_animation=\u00bbfadeInUp\u00bb][\/vc_column][vc_column width=\u00bb1\/12&#8243;][\/vc_column][vc_column width=\u00bb5\/12&#8243; el_class=\u00bbcol-vertical\u00bb][vc_column_text animation=\u00bbbottom-to-top\u00bb css=\u00bb.vc_custom_1707216897750{margin-bottom: 0px !important;}\u00bb]Los colores, texturas, aromas y contrastes de Marbella rodeada de un escenario espectacular desde las monta\u00f1as al mar Mediterr\u00e1neo son la fuente de mi inspiraci\u00f3n para cada uno de mis proyectos.<\/p>\n<p>Creo que hered\u00e9 de mi padre un gran artista y pintor, la creatividad y el gusto por la est\u00e9tica y\u00a0de mi<span class=\"Apple-converted-space\">\u00a0 <\/span>madre la pasi\u00f3n por la cultura en todas sus disciplinas y de ambos el amor por la naturaleza.<\/p>\n<p>Mi concepto hol\u00edstico del interiorismo<span class=\"Apple-converted-space\">\u00a0 <\/span>nace de esta pasi\u00f3n<span class=\"Apple-converted-space\">\u00a0 <\/span>por<span class=\"Apple-converted-space\">\u00a0 <\/span>las tradiciones, el arte\u00a0y la cultura, a la vez que he incorporado mi amor por el medio ambiente y el bienestar personal y la salud.[\/vc_column_text][\/vc_column][\/vc_row][vc_row][vc_column][vc_empty_space height=\u00bb22px\u00bb][\/vc_column][\/vc_row][vc_row equal_columns=\u00bbtrue\u00bb id=\u00bbcol_rever\u00bb][vc_column width=\u00bb1\/2&#8243; el_class=\u00bbcol-vertical\u00bb][vc_column_text animation=\u00bbfade-in\u00bb css=\u00bb.vc_custom_1707216917404{margin-bottom: 0px !important;}\u00bb]Es mi visi\u00f3n que nuestro espacio, nuestro hogar es nutritiva (o puede serlo). Verla como un todo, cuidando la est\u00e9tica, adem\u00e1s de la funcionalidad, el confort y la salud. Para mi es fundamental sentir que creo espacios en los que sus habitantes se sentir\u00e1n bien y \u00a0cuidados en todos los aspectos.[\/vc_column_text][\/vc_column][vc_column width=\u00bb1\/2&#8243;][vc_single_image image=\u00bb1460&#8243; img_size=\u00bbfull\u00bb alignment=\u00bbright\u00bb css_animation=\u00bbfadeInLeft\u00bb][\/vc_column][\/vc_row][vc_row][vc_column][vc_empty_space][\/vc_column][\/vc_row][vc_row][vc_column][vc_empty_space][vc_raw_html]JTVCaW5zdGFncmFtLWZlZWQlMjBmZWVkJTNEMSU1RA==[\/vc_raw_html][vc_empty_space][\/vc_column][\/vc_row]\n<\/div>","protected":false},"excerpt":{"rendered":"<p>[vc_row equal_columns=\u00bbtrue\u00bb el_class=\u00bbcol-rev\u00bb id=\u00bbcol_rever\u00bb][vc_column width=\u00bb1\/2&#8243; el_class=\u00bbcol-vertical\u00bb][vc_single_image image=\u00bb1524&#8243; img_size=\u00bbfull\u00bb css_animation=\u00bbfadeIn\u00bb][vc_empty_space][vc_column_text animation=\u00bbfade-in\u00bb css=\u00bb.vc_custom_1707216863774{margin-bottom: 0px !important;}\u00bb]Soy una amante de la naturaleza, el dise\u00f1o y el deporte al aire libre. Todo lo que tenga que ver con la naturaleza me atrae y seduce, un bosque, una monta\u00f1a o el mar. Me nutre e inspira a diario pues tengo\u00a0la gran [&hellip;]<\/p>\n","protected":false},"author":2,"featured_media":1463,"parent":0,"menu_order":0,"comment_status":"closed","ping_status":"closed","template":"","meta":{"footnotes":""},"class_list":["post-1649","page","type-page","status-publish","has-post-thumbnail","hentry"],"_links":{"self":[{"href":"https:\/\/harmony-interiors.es\/es\/wp-json\/wp\/v2\/pages\/1649","targetHints":{"allow":["GET"]}}],"collection":[{"href":"https:\/\/harmony-interiors.es\/es\/wp-json\/wp\/v2\/pages"}],"about":[{"href":"https:\/\/harmony-interiors.es\/es\/wp-json\/wp\/v2\/types\/page"}],"author":[{"embeddable":true,"href":"https:\/\/harmony-interiors.es\/es\/wp-json\/wp\/v2\/users\/2"}],"replies":[{"embeddable":true,"href":"https:\/\/harmony-interiors.es\/es\/wp-json\/wp\/v2\/comments?post=1649"}],"version-history":[{"count":4,"href":"https:\/\/harmony-interiors.es\/es\/wp-json\/wp\/v2\/pages\/1649\/revisions"}],"predecessor-version":[{"id":1715,"href":"https:\/\/harmony-interiors.es\/es\/wp-json\/wp\/v2\/pages\/1649\/revisions\/1715"}],"wp:featuredmedia":[{"embeddable":true,"href":"https:\/\/harmony-interiors.es\/es\/wp-json\/wp\/v2\/media\/1463"}],"wp:attachment":[{"href":"https:\/\/harmony-interiors.es\/es\/wp-json\/wp\/v2\/media?parent=1649"}],"curies":[{"name":"wp","href":"https:\/\/api.w.org\/{rel}","templated":true}]}}