{"id":1652,"date":"2022-09-27T11:36:20","date_gmt":"2022-09-27T09:36:20","guid":{"rendered":"https:\/\/harmony-interiors.es\/harmony\/"},"modified":"2024-02-07T11:39:34","modified_gmt":"2024-02-07T10:39:34","slug":"harmony","status":"publish","type":"page","link":"https:\/\/harmony-interiors.es\/es\/harmony\/","title":{"rendered":"HARMONY"},"content":{"rendered":"<div class=\"wpb-content-wrapper\">[vc_row equal_columns=\u00bbtrue\u00bb css=\u00bb.vc_custom_1702300640892{margin-bottom: 50px !important;padding-top: 80px !important;padding-bottom: 80px !important;}\u00bb][vc_column width=\u00bb1\/2&#8243; el_class=\u00bbcol-vertical\u00bb][vc_custom_heading text=\u00bb\u00bfPor qu\u00e9 Harmony Interiors?\u00bb font_container=\u00bbtag:h1|text_align:left\u00bb use_theme_fonts=\u00bbyes\u00bb css_animation=\u00bbfadeIn\u00bb][vc_column_text css=\u00bb.vc_custom_1703851138175{margin-bottom: 0px !important;}\u00bb]La armon\u00eda de la naturaleza trasladada a nuestra vida y a nuestro hogar.<\/p>\n<h2>Nuestro servicio<\/h2>\n<p>Desde cambios en alguna estancia a una reforma u obra completa en la que aplicaremos distintas t\u00e9cnicas para encontrar el equilibrio\u00a0 de la casa, conscientes siempre de la necesidad de mantener un equilibrio entre la est\u00e9tica, la funcionalidad y la salud. Conectando al m\u00e1ximo a la naturaleza de sus habitantes.[\/vc_column_text][mk_button dimension=\u00bbflat\u00bb size=\u00bblarge\u00bb url=\u00bb\/es\/contactos\u00bb bg_color=\u00bb#5f6d5f\u00bb btn_hover_bg=\u00bb#ffffff\u00bb btn_hover_txt_color=\u00bb#5f6d5f\u00bb]CONTACTA CON NOSOTROS[\/mk_button][\/vc_column][vc_column width=\u00bb1\/2&#8243;][mk_image src=\u00bbhttps:\/\/harmony-interiors.es\/wp-content\/uploads\/2023\/12\/juan-23.jpg\u00bb image_width=\u00bb600&#8243; image_height=\u00bb600&#8243; animation=\u00bbfade-in\u00bb][\/vc_column][\/vc_row][vc_row][vc_column][vc_empty_space height=\u00bb62px\u00bb][\/vc_column][\/vc_row][vc_row fullwidth=\u00bbtrue\u00bb fullwidth_content=\u00bbfalse\u00bb css=\u00bb.vc_custom_1703850413618{padding-top: 100px !important;padding-bottom: 100px !important;background-color: #ededed !important;}\u00bb][vc_column width=\u00bb1\/6&#8243;][\/vc_column][vc_column width=\u00bb2\/3&#8243;][vc_column_text align=\u00bbcenter\u00bb animation=\u00bbbottom-to-top\u00bb css=\u00bb.vc_custom_1702315306571{margin-bottom: 0px !important;}\u00bb]\n<h1>Nuestro sello<\/h1>\n<p>Tratamos cada proyecto como una historia \u00fanica, pues no hay dos personas iguales, tampoco casas ni habitantes iguales. Nuestro objetivo es que cada cliente se sienta cuidado, escuchado y acompa\u00f1ado en un proceso tan bonito y tan importante para nuestras vidas como es crear nuestro hogar.[\/vc_column_text][\/vc_column][vc_column width=\u00bb1\/6&#8243;][\/vc_column][\/vc_row][vc_row equal_columns=\u00bbtrue\u00bb css=\u00bb.vc_custom_1702300640892{margin-bottom: 50px !important;padding-top: 80px !important;padding-bottom: 80px !important;}\u00bb][vc_column width=\u00bb1\/2&#8243;][mk_image src=\u00bbhttps:\/\/harmony-interiors.es\/wp-content\/uploads\/2023\/12\/anuska-62_web.jpg\u00bb image_width=\u00bb600&#8243; image_height=\u00bb600&#8243; animation=\u00bbfade-in\u00bb][\/vc_column][vc_column width=\u00bb1\/2&#8243; el_class=\u00bbcol-vertical\u00bb][vc_column_text align=\u00bbcenter\u00bb animation=\u00bbbottom-to-top\u00bb css=\u00bb.vc_custom_1703850383163{margin-bottom: 0px !important;}\u00bb]\n<h1>Materiales y soluciones ecol\u00f3gicas<\/h1>\n<p>&nbsp;<\/p>\n<p>Utilizamos pinturas libres de compuestos vol\u00e1tiles y ecol\u00f3gicas, revestimientos a la cal transpirables y saludables, materiales reciclados, sistemas ecol\u00f3gicos de limpieza, filtraci\u00f3n de agua, reciclado de las aguas limpias para su uso en el jard\u00edn o huerto, descalcificadores con los que ayudamos a suavizar las aguas tan duras que nos irritan la piel y da\u00f1an nuestros electrodom\u00e9sticos y los tejidos.[\/vc_column_text][\/vc_column][\/vc_row][vc_row fullwidth=\u00bbtrue\u00bb css=\u00bb.vc_custom_1703851007842{padding-right: 50px !important;padding-left: 50px !important;}\u00bb][vc_column][mk_gallery images=\u00bb1511,1507,1505,1503,1468,1448,1428,1326,1320,1720,1285,1734,1736,1738,1740&#8243; height=\u00bb400&#8243; item_spacing=\u00bb15&#8243;][\/vc_column][\/vc_row]\n<\/div>","protected":false},"excerpt":{"rendered":"<p>[vc_row equal_columns=\u00bbtrue\u00bb css=\u00bb.vc_custom_1702300640892{margin-bottom: 50px !important;padding-top: 80px !important;padding-bottom: 80px !important;}\u00bb][vc_column width=\u00bb1\/2&#8243; el_class=\u00bbcol-vertical\u00bb][vc_custom_heading text=\u00bb\u00bfPor qu\u00e9 Harmony Interiors?\u00bb font_container=\u00bbtag:h1|text_align:left\u00bb use_theme_fonts=\u00bbyes\u00bb css_animation=\u00bbfadeIn\u00bb][vc_column_text css=\u00bb.vc_custom_1703851138175{margin-bottom: 0px !important;}\u00bb]La armon\u00eda de la naturaleza trasladada a nuestra vida y a nuestro hogar. Nuestro servicio Desde cambios en alguna estancia a una reforma u obra completa en la que aplicaremos distintas t\u00e9cnicas para encontrar el [&hellip;]<\/p>\n","protected":false},"author":2,"featured_media":1508,"parent":0,"menu_order":0,"comment_status":"closed","ping_status":"closed","template":"","meta":{"footnotes":""},"class_list":["post-1652","page","type-page","status-publish","has-post-thumbnail","hentry"],"_links":{"self":[{"href":"https:\/\/harmony-interiors.es\/es\/wp-json\/wp\/v2\/pages\/1652","targetHints":{"allow":["GET"]}}],"collection":[{"href":"https:\/\/harmony-interiors.es\/es\/wp-json\/wp\/v2\/pages"}],"about":[{"href":"https:\/\/harmony-interiors.es\/es\/wp-json\/wp\/v2\/types\/page"}],"author":[{"embeddable":true,"href":"https:\/\/harmony-interiors.es\/es\/wp-json\/wp\/v2\/users\/2"}],"replies":[{"embeddable":true,"href":"https:\/\/harmony-interiors.es\/es\/wp-json\/wp\/v2\/comments?post=1652"}],"version-history":[{"count":5,"href":"https:\/\/harmony-interiors.es\/es\/wp-json\/wp\/v2\/pages\/1652\/revisions"}],"predecessor-version":[{"id":1743,"href":"https:\/\/harmony-interiors.es\/es\/wp-json\/wp\/v2\/pages\/1652\/revisions\/1743"}],"wp:featuredmedia":[{"embeddable":true,"href":"https:\/\/harmony-interiors.es\/es\/wp-json\/wp\/v2\/media\/1508"}],"wp:attachment":[{"href":"https:\/\/harmony-interiors.es\/es\/wp-json\/wp\/v2\/media?parent=1652"}],"curies":[{"name":"wp","href":"https:\/\/api.w.org\/{rel}","templated":true}]}}