{"id":1656,"date":"2023-12-11T14:32:59","date_gmt":"2023-12-11T13:32:59","guid":{"rendered":"https:\/\/harmony-interiors.es\/privacy-policy\/"},"modified":"2024-01-22T13:59:47","modified_gmt":"2024-01-22T12:59:47","slug":"politica-de-privacidad","status":"publish","type":"page","link":"https:\/\/harmony-interiors.es\/es\/politica-de-privacidad\/","title":{"rendered":"Pol\u00edtica de privacidad"},"content":{"rendered":"<p><b>AVISO LEGAL: Recopilaci\u00f3n de datos en el sitio web (LSSICE + LOPD Leyes Espa\u00f1olas)<\/b><\/p>\n<p>En cumplimiento del Reglamento General de Protecci\u00f3n de Datos (UE) 2016\/679 del Parlamento Europeo y del Consejo, el 27 de abril de 2016 y la Ley Org\u00e1nica 3\/2018 del 5 de diciembre sobre Protecci\u00f3n de Datos Personales y Garant\u00eda de Derechos Digitales, le informamos que los datos personales proporcionados ser\u00e1n procesados por <b>Harmony Interiors<\/b><span class=\"Apple-converted-space\">\u00a0 Con n\u00famero de IVA: , dirigido en MARBELLA (MALAGA), C.P. 29660, para proporcionar el servicio solicitado y hacer la facturaci\u00f3n del mismo.<\/span><\/p>\n<p>La base legal para el procesamiento de sus datos personales es la ejecuci\u00f3n del servicio contratado. La oferta futura de productos y servicios se basar\u00e1 en el consentimiento solicitado, y en el caso de la retirada de este consentimiento, esto nunca condicionar\u00eda la ejecuci\u00f3n del contrato.<\/p>\n<p>Los datos proporcionados se conservar\u00e1n mientras se mantenga la relaci\u00f3n comercial o durante los a\u00f1os necesarios para cumplir con las obligaciones legales. Los datos no se transferir\u00e1n a terceros, excepto en los casos en que exista una obligaci\u00f3n legal.<\/p>\n<p>Tiene derecho a obtener confirmaci\u00f3n de si estamos tratando o no sus datos personales bajo <strong>Harmony Interiors<\/strong> y, por lo tanto, tiene derecho a ejercer sus derechos de acceso, rectificaci\u00f3n, limitaci\u00f3n del tratamiento, portabilidad, oposici\u00f3n al tratamiento y supresi\u00f3n de sus datos escribiendo a la direcci\u00f3n postal mencionada anteriormente o a la cuenta electr\u00f3nica harmony-interiors.es adjunta una copia por correo de la identificaci\u00f3n en ambos casos, as\u00ed como el derecho a presentar una reclamaci\u00f3n ante la Autoridad de Control (aepd.es).<\/p>\n<p>Tambi\u00e9n solicitamos autorizaci\u00f3n para ofrecerle productos y servicios relacionados con los solicitados, ejecutados y\/o comercializados por nuestra empresa, lo que nos permite mantenerlo como cliente.<\/p>\n<p>La privacidad es de gran importancia para Harmony Interiors y queremos mantener una actitud abierta y transparente al procesar sus datos personales. Por lo tanto, tenemos una pol\u00edtica que establece c\u00f3mo se tratan y protegen sus datos personales.<\/p>\n<p><b>\u00bfQui\u00e9n es responsable del procesamiento de sus datos?<\/b><\/p>\n<p>Harmony Interiors<span class=\"Apple-converted-space\">\u00a0 <\/span>| CIF:<span class=\"Apple-converted-space\">\u00a0 \u00a0 \u00a0 \u00a0 \u00a0 \u00a0 \u00a0 <\/span>| Dir.Postal: MARBELLA (MALAGA), C.P. 29660.<span class=\"Apple-converted-space\">\u00a0 \u00a0 \u00a0 \u00a0 \u00a0 \u00a0 \u00a0 \u00a0 <\/span>|. E-mail: info@harmony-interiors.es<\/p>\n<p><b>\u00bfCon qu\u00e9 prop\u00f3sito procesamos sus datos personales?<\/b><\/p>\n<p>En Harmony Interiors tratamos la informaci\u00f3n proporcionada por las personas interesadas con el fin de llevar a cabo la gesti\u00f3n administrativa, contable y fiscal de los servicios solicitados, as\u00ed como para enviar comunicaciones comerciales sobre nuestros productos y servicios, por cuyo consentimiento ha dado.<\/p>\n<p><b>\u00bfCu\u00e1nto tiempo conservaremos sus datos?<\/b><\/p>\n<p>Los datos se conservar\u00e1n mientras se mantenga la relaci\u00f3n comercial y, en su caso, durante los a\u00f1os necesarios para cumplir con las obligaciones legales aplicables.<\/p>\n<p><b>\u00bfCu\u00e1l es la legitimidad para el procesamiento de sus datos?<\/b><\/p>\n<p>Indicamos la base legal para el procesamiento de sus datos:<\/p>\n<p>\u2013 Ejecuci\u00f3n de un contrato: Prestaci\u00f3n de los servicios solicitados<\/p>\n<p>\u2013 Consentimiento de la parte interesada: Env\u00edo de comunicaciones comerciales.<\/p>\n<p><b>\u00bfA qu\u00e9 destinatarios se comunicar\u00e1n sus datos?<\/b><\/p>\n<p>Solo sus datos se transferir\u00e1n a terceros para los que hayamos obtenido debidamente su consentimiento, as\u00ed como para cumplir con las obligaciones legales.<\/p>\n<p>No se planean transferencias de datos a terceros.<\/p>\n<p><b>\u00bfCu\u00e1les son sus derechos cuando nos proporciona sus datos?<\/b><\/p>\n<p>Cualquier persona tiene derecho a obtener confirmaci\u00f3n de si estamos procesando o no datos personales que le conciernen en Harmony Interiors.<\/p>\n<p>Las personas interesadas tienen derecho a acceder a sus datos personales, as\u00ed como a solicitar la rectificaci\u00f3n de datos inexactos o, en su caso, solicitar su eliminaci\u00f3n cuando, entre otras razones, los datos ya no sean necesarios para los fines en los que fueron recopilados.<\/p>\n<p>En ciertas circunstancias, las partes interesadas pueden solicitar la limitaci\u00f3n del procesamiento de sus datos, en cuyo caso solo los conservaremos para el ejercicio o la defensa de las reclamaciones.<\/p>\n<p>En ciertas circunstancias y por razones relacionadas con su situaci\u00f3n particular, las partes interesadas pueden oponerse al procesamiento de sus datos. En este caso, Harmony Interiors dejar\u00e1 de procesar los datos, excepto por razones leg\u00edtimas de peso, o por el ejercicio o la defensa de posibles reclamaciones.<\/p>\n<p>Puede ejercer f\u00edsicamente sus derechos de la siguiente manera: poni\u00e9ndose en contacto con la direcci\u00f3n de correo electr\u00f3nico de la persona responsable del tratamiento descrito anteriormente, adjuntando una copia de su documento de identidad o documento de identidad.<\/p>\n<p>Si ha dado su consentimiento para un prop\u00f3sito espec\u00edfico, tiene derecho a retirar el consentimiento otorgado en cualquier momento, sin afectar a la legalidad del tratamiento basado en el consentimiento antes de su retirada.<b><\/b><\/p>\n<p>En caso de que sienta que sus derechos con respecto a la protecci\u00f3n de sus datos personales han sido violados, especialmente cuando no ha obtenido satisfacci\u00f3n en el ejercicio de sus derechos, puede presentar una queja ante la Autoridad de Control de Protecci\u00f3n de Datos competente a trav\u00e9s de su sitio web:<b>www.harmony-interiors.es<\/b><\/p>\n<p><b>\u00bfC\u00f3mo hemos obtenido sus datos?<\/b><\/p>\n<p>Los datos personales que procesamos en Harmony Interiors han sido proporcionados directamente por la parte interesada.<\/p>\n<p>Las categor\u00edas de datos que se procesan son:<\/p>\n<p>\u2013 Datos de identificaci\u00f3n<\/p>\n<p>\u2013 Direcciones postales y electr\u00f3nicas<\/p>\n<p>\u2013 Informaci\u00f3n comercial<\/p>\n","protected":false},"excerpt":{"rendered":"<p>AVISO LEGAL: Recopilaci\u00f3n de datos en el sitio web (LSSICE + LOPD Leyes Espa\u00f1olas) En cumplimiento del Reglamento General de Protecci\u00f3n de Datos (UE) 2016\/679 del Parlamento Europeo y del Consejo, el 27 de abril de 2016 y la Ley Org\u00e1nica 3\/2018 del 5 de diciembre sobre Protecci\u00f3n de Datos Personales y Garant\u00eda de Derechos [&hellip;]<\/p>\n","protected":false},"author":2,"featured_media":0,"parent":0,"menu_order":0,"comment_status":"closed","ping_status":"closed","template":"","meta":{"footnotes":""},"class_list":["post-1656","page","type-page","status-publish","hentry"],"_links":{"self":[{"href":"https:\/\/harmony-interiors.es\/es\/wp-json\/wp\/v2\/pages\/1656","targetHints":{"allow":["GET"]}}],"collection":[{"href":"https:\/\/harmony-interiors.es\/es\/wp-json\/wp\/v2\/pages"}],"about":[{"href":"https:\/\/harmony-interiors.es\/es\/wp-json\/wp\/v2\/types\/page"}],"author":[{"embeddable":true,"href":"https:\/\/harmony-interiors.es\/es\/wp-json\/wp\/v2\/users\/2"}],"replies":[{"embeddable":true,"href":"https:\/\/harmony-interiors.es\/es\/wp-json\/wp\/v2\/comments?post=1656"}],"version-history":[{"count":3,"href":"https:\/\/harmony-interiors.es\/es\/wp-json\/wp\/v2\/pages\/1656\/revisions"}],"predecessor-version":[{"id":1708,"href":"https:\/\/harmony-interiors.es\/es\/wp-json\/wp\/v2\/pages\/1656\/revisions\/1708"}],"wp:attachment":[{"href":"https:\/\/harmony-interiors.es\/es\/wp-json\/wp\/v2\/media?parent=1656"}],"curies":[{"name":"wp","href":"https:\/\/api.w.org\/{rel}","templated":true}]}}