{"id":1659,"date":"2023-12-11T14:36:58","date_gmt":"2023-12-11T13:36:58","guid":{"rendered":"https:\/\/harmony-interiors.es\/cookie-policy-eu\/"},"modified":"2024-01-18T14:52:53","modified_gmt":"2024-01-18T13:52:53","slug":"politica-de-cookies","status":"publish","type":"page","link":"https:\/\/harmony-interiors.es\/es\/politica-de-cookies\/","title":{"rendered":"Pol\u00edtica de cookies (EU)"},"content":{"rendered":"La regi\u00f3n EU no est\u00e1 activada para cookie-statement.\n","protected":false},"excerpt":{"rendered":"La regi\u00f3n EU no est\u00e1 activada para cookie-statement.","protected":false},"author":2,"featured_media":0,"parent":0,"menu_order":0,"comment_status":"closed","ping_status":"closed","template":"","meta":{"footnotes":""},"class_list":["post-1659","page","type-page","status-publish","hentry"],"_links":{"self":[{"href":"https:\/\/harmony-interiors.es\/es\/wp-json\/wp\/v2\/pages\/1659","targetHints":{"allow":["GET"]}}],"collection":[{"href":"https:\/\/harmony-interiors.es\/es\/wp-json\/wp\/v2\/pages"}],"about":[{"href":"https:\/\/harmony-interiors.es\/es\/wp-json\/wp\/v2\/types\/page"}],"author":[{"embeddable":true,"href":"https:\/\/harmony-interiors.es\/es\/wp-json\/wp\/v2\/users\/2"}],"replies":[{"embeddable":true,"href":"https:\/\/harmony-interiors.es\/es\/wp-json\/wp\/v2\/comments?post=1659"}],"version-history":[{"count":1,"href":"https:\/\/harmony-interiors.es\/es\/wp-json\/wp\/v2\/pages\/1659\/revisions"}],"predecessor-version":[{"id":1660,"href":"https:\/\/harmony-interiors.es\/es\/wp-json\/wp\/v2\/pages\/1659\/revisions\/1660"}],"wp:attachment":[{"href":"https:\/\/harmony-interiors.es\/es\/wp-json\/wp\/v2\/media?parent=1659"}],"curies":[{"name":"wp","href":"https:\/\/api.w.org\/{rel}","templated":true}]}}