{"id":1692,"date":"2021-04-14T04:53:57","date_gmt":"2021-04-14T02:53:57","guid":{"rendered":"https:\/\/harmony-interiors.es\/home\/"},"modified":"2024-01-22T13:37:46","modified_gmt":"2024-01-22T12:37:46","slug":"inicio","status":"publish","type":"page","link":"https:\/\/harmony-interiors.es\/es\/","title":{"rendered":"INICIO"},"content":{"rendered":"<div class=\"wpb-content-wrapper\">[mk_page_section layout_structure=\u00bbhalf_right\u00bb bg_image=\u00bbhttps:\/\/harmony-interiors.es\/wp-content\/uploads\/2023\/12\/anuska-19_web.jpg\u00bb bg_image_portrait=\u00bbhttps:\/\/harmony-interiors.es\/wp-content\/uploads\/2023\/12\/anuska-19_web.jpg\u00bb bg_color=\u00bbrgba(0,0,0,0.14)\u00bb bg_stretch=\u00bbtrue\u00bb video_opacity=\u00bb0.8&#8243; min_height=\u00bb700&#8243; js_vertical_centered=\u00bbtrue\u00bb][vc_column][vc_custom_heading text=\u00bbHarmony Interior Design\u00bb font_container=\u00bbtag:h1|text_align:left\u00bb use_theme_fonts=\u00bbyes\u00bb][vc_column_text css=\u00bb.vc_custom_1703849801066{margin-bottom: 0px !important;}\u00bb]En nuestra visi\u00f3n de un concepto hol\u00edstico global, perseguimos crear ambientes en los que nuestros clientes sientan la paz y armon\u00eda que todos necesitamos cuando llegamos a nuestra casa.<\/p>\n<p>A trav\u00e9s del equilibrio entre<span class=\"Apple-converted-space\">\u00a0 <\/span>la est\u00e9tica, la<span class=\"Apple-converted-space\">\u00a0 <\/span>funcionalidad, la comodidad, el confort y la salud f\u00edsica y emocional y siempre con un profundo respeto por el medio ambiente conseguimos ofrecer esa armon\u00eda.[\/vc_column_text][mk_button dimension=\u00bbflat\u00bb size=\u00bblarge\u00bb url=\u00bb\/es\/harmony\/\u00bb animation=\u00bbbottom-to-top\u00bb bg_color=\u00bb#5f6d5f\u00bb btn_hover_bg=\u00bb#ffffff\u00bb btn_hover_txt_color=\u00bb#5f6d5f\u00bb]SABER M\u00c1S[\/mk_button][\/vc_column][\/mk_page_section][vc_row fullwidth=\u00bbtrue\u00bb fullwidth_content=\u00bbfalse\u00bb css=\u00bb.vc_custom_1703849678871{padding-top: 150px !important;padding-bottom: 150px !important;background-color: #a0afa0 !important;}\u00bb][vc_column width=\u00bb1\/6&#8243;][\/vc_column][vc_column width=\u00bb2\/3&#8243;][vc_column_text align=\u00bbcenter\u00bb animation=\u00bbbottom-to-top\u00bb css=\u00bb.vc_custom_1705926869091{margin-bottom: 0px !important;}\u00bb]\n<h1><span style=\"color: #ffffff;\">Nuestro compromiso<\/span><\/h1>\n<p><span style=\"color: #ffffff;\"> Nuestro compromiso con el bienestar de nuestros clientes nos ha llevado a buscar materiales y productos que puedan aportar el m\u00e1s alto nivel de confort y belleza teniendo en cuenta su salud y el entorno natural que les rodea. <\/span>[\/vc_column_text][mk_button dimension=\u00bbflat\u00bb size=\u00bblarge\u00bb url=\u00bb\/es\/contactos\/\u00bb align=\u00bbcenter\u00bb animation=\u00bbbottom-to-top\u00bb bg_color=\u00bb#5f6d5f\u00bb btn_hover_bg=\u00bb#ffffff\u00bb btn_hover_txt_color=\u00bb#5f6d5f\u00bb]CONT\u00c1CTANOS[\/mk_button][\/vc_column][vc_column width=\u00bb1\/6&#8243;][\/vc_column][\/vc_row][vc_row fullwidth=\u00bbtrue\u00bb][vc_column][mk_edge_slider full_height=\u00bbfalse\u00bb skip_arrow=\u00bbfalse\u00bb slides=\u00bb1666, 1667, 1668, 1669&#8243;][\/vc_column][\/vc_row]\n<\/div>","protected":false},"excerpt":{"rendered":"<p>[mk_page_section layout_structure=\u00bbhalf_right\u00bb bg_image=\u00bbhttps:\/\/harmony-interiors.es\/wp-content\/uploads\/2023\/12\/anuska-19_web.jpg\u00bb bg_image_portrait=\u00bbhttps:\/\/harmony-interiors.es\/wp-content\/uploads\/2023\/12\/anuska-19_web.jpg\u00bb bg_color=\u00bbrgba(0,0,0,0.14)\u00bb bg_stretch=\u00bbtrue\u00bb video_opacity=\u00bb0.8&#8243; min_height=\u00bb700&#8243; js_vertical_centered=\u00bbtrue\u00bb][vc_column][vc_custom_heading text=\u00bbHarmony Interior Design\u00bb font_container=\u00bbtag:h1|text_align:left\u00bb use_theme_fonts=\u00bbyes\u00bb][vc_column_text css=\u00bb.vc_custom_1703849801066{margin-bottom: 0px !important;}\u00bb]En nuestra visi\u00f3n de un concepto hol\u00edstico global, perseguimos crear ambientes en los que nuestros clientes sientan la paz y armon\u00eda que todos necesitamos cuando llegamos a nuestra casa. A trav\u00e9s del equilibrio entre\u00a0 la est\u00e9tica, la\u00a0 funcionalidad, la [&hellip;]<\/p>\n","protected":false},"author":2,"featured_media":1463,"parent":0,"menu_order":0,"comment_status":"closed","ping_status":"closed","template":"","meta":{"footnotes":""},"class_list":["post-1692","page","type-page","status-publish","has-post-thumbnail","hentry"],"_links":{"self":[{"href":"https:\/\/harmony-interiors.es\/es\/wp-json\/wp\/v2\/pages\/1692","targetHints":{"allow":["GET"]}}],"collection":[{"href":"https:\/\/harmony-interiors.es\/es\/wp-json\/wp\/v2\/pages"}],"about":[{"href":"https:\/\/harmony-interiors.es\/es\/wp-json\/wp\/v2\/types\/page"}],"author":[{"embeddable":true,"href":"https:\/\/harmony-interiors.es\/es\/wp-json\/wp\/v2\/users\/2"}],"replies":[{"embeddable":true,"href":"https:\/\/harmony-interiors.es\/es\/wp-json\/wp\/v2\/comments?post=1692"}],"version-history":[{"count":5,"href":"https:\/\/harmony-interiors.es\/es\/wp-json\/wp\/v2\/pages\/1692\/revisions"}],"predecessor-version":[{"id":1702,"href":"https:\/\/harmony-interiors.es\/es\/wp-json\/wp\/v2\/pages\/1692\/revisions\/1702"}],"wp:featuredmedia":[{"embeddable":true,"href":"https:\/\/harmony-interiors.es\/es\/wp-json\/wp\/v2\/media\/1463"}],"wp:attachment":[{"href":"https:\/\/harmony-interiors.es\/es\/wp-json\/wp\/v2\/media?parent=1692"}],"curies":[{"name":"wp","href":"https:\/\/api.w.org\/{rel}","templated":true}]}}